{"id":305,"date":"2019-03-08T11:30:44","date_gmt":"2019-03-08T10:30:44","guid":{"rendered":"http:\/\/pomoc.pryzmat.com\/?page_id=305"},"modified":"2019-03-08T11:30:44","modified_gmt":"2019-03-08T10:30:44","slug":"pobieranie-obrazow","status":"publish","type":"page","link":"https:\/\/pomoc.pryzmat.com\/index.php\/pobieranie-obrazow\/","title":{"rendered":"W\u0142\u0105czenie pobierania (wy\u015bwietlania) obraz\u00f3w w stopce"},"content":{"rendered":"\n<p style=\"font-size:23px\" class=\"has-text-color has-vivid-cyan-blue-color\">W\u0142\u0105czenie pobierania (wy\u015bwietlania) obraz\u00f3w w MS Outlook<\/p>\n\n\n\n<p>Je\u015bli przy wysy\u0142aniu e-maila w pod\u0142\u0105czonej stopce nie jest widoczne logo oraz separator, musimy w\u0142\u0105czy\u0107 pobieranie obraz\u00f3w w porogamie Outlook:<br> <strong><em>Plik <\/em><\/strong>\u2192<strong><em> Opcje <\/em><\/strong>\u2192<strong><em>  Centrum zaufania <\/em><\/strong>\u2192 <strong><em>Ustawienia Centrum zaufania <\/em><\/strong><br>i tutaj odznaczamy kwadrat<em>&#8222;Nie pobieraj automatycznie obraz\u00f3w..&#8221; <\/em>jak poni\u017cej<em>:<\/em><\/p>\n\n\n\n<figure class=\"wp-block-image is-resized\"><img loading=\"lazy\" decoding=\"async\" src=\"http:\/\/pomoc.pryzmat.com\/wp-content\/uploads\/2019\/03\/Outlook.jpg\" alt=\"\" class=\"wp-image-291\" width=\"1000\" height=\"563\" srcset=\"https:\/\/pomoc.pryzmat.com\/wp-content\/uploads\/2019\/03\/Outlook.jpg 1000w, https:\/\/pomoc.pryzmat.com\/wp-content\/uploads\/2019\/03\/Outlook-300x169.jpg 300w, https:\/\/pomoc.pryzmat.com\/wp-content\/uploads\/2019\/03\/Outlook-768x432.jpg 768w\" sizes=\"auto, (max-width: 706px) 89vw, (max-width: 767px) 82vw, 740px\" \/><\/figure>\n\n\n\n<p style=\"font-size:23px\" class=\"has-text-color has-vivid-cyan-blue-color\">\n W\u0142\u0105czenie pobierania (wy\u015bwietlania) obraz\u00f3w w  Live Mail \n\n<\/p>\n\n\n\n<p>\nJe\u015bli przy wysy\u0142aniu e-maila w pod\u0142\u0105czonej stopce nie jest widoczne logo\n  oraz separator, musimy w\u0142\u0105czy\u0107 pobieranie obraz\u00f3w w porogamie Live \nMail:<br><strong><em>Plik <\/em><\/strong>\u2192<strong><em> Opcje <\/em><\/strong>\u2192<strong><em>  Opcje zabezpiecze\u0144 <\/em><\/strong>\u2192 <strong><em>Zabezpieczenia<\/em><\/strong><br>i tutaj odznaczamy kwadraty<em> &#8222;Pobieranie obraz\u00f3w..&#8221; <\/em>jak poni\u017cej<em>:<\/em><\/p>\n\n\n\n<figure class=\"wp-block-image is-resized\"><img loading=\"lazy\" decoding=\"async\" src=\"http:\/\/pomoc.pryzmat.com\/wp-content\/uploads\/2019\/03\/wlm_03.jpg\" alt=\"\" class=\"wp-image-300\" width=\"1000\" height=\"563\" srcset=\"https:\/\/pomoc.pryzmat.com\/wp-content\/uploads\/2019\/03\/wlm_03.jpg 1000w, https:\/\/pomoc.pryzmat.com\/wp-content\/uploads\/2019\/03\/wlm_03-300x169.jpg 300w, https:\/\/pomoc.pryzmat.com\/wp-content\/uploads\/2019\/03\/wlm_03-768x432.jpg 768w\" sizes=\"auto, (max-width: 706px) 89vw, (max-width: 767px) 82vw, 740px\" \/><\/figure>\n","protected":false},"excerpt":{"rendered":"<p>W\u0142\u0105czenie pobierania (wy\u015bwietlania) obraz\u00f3w w MS Outlook Je\u015bli przy wysy\u0142aniu e-maila w pod\u0142\u0105czonej stopce nie jest widoczne logo oraz separator, musimy w\u0142\u0105czy\u0107 pobieranie obraz\u00f3w w porogamie Outlook: Plik \u2192 Opcje \u2192 Centrum zaufania \u2192 Ustawienia Centrum zaufania i tutaj odznaczamy kwadrat&#8222;Nie pobieraj automatycznie obraz\u00f3w..&#8221; jak poni\u017cej: W\u0142\u0105czenie pobierania (wy\u015bwietlania) obraz\u00f3w w Live Mail Je\u015bli przy &hellip; <\/p>\n<p class=\"link-more\"><a href=\"https:\/\/pomoc.pryzmat.com\/index.php\/pobieranie-obrazow\/\" class=\"more-link\">Czytaj dalej<span class=\"screen-reader-text\"> \u201eW\u0142\u0105czenie pobierania (wy\u015bwietlania) obraz\u00f3w w stopce\u201d<\/span><\/a><\/p>\n","protected":false},"author":1,"featured_media":0,"parent":0,"menu_order":0,"comment_status":"closed","ping_status":"closed","template":"","meta":{"footnotes":""},"class_list":["post-305","page","type-page","status-publish","hentry"],"_links":{"self":[{"href":"https:\/\/pomoc.pryzmat.com\/index.php\/wp-json\/wp\/v2\/pages\/305","targetHints":{"allow":["GET"]}}],"collection":[{"href":"https:\/\/pomoc.pryzmat.com\/index.php\/wp-json\/wp\/v2\/pages"}],"about":[{"href":"https:\/\/pomoc.pryzmat.com\/index.php\/wp-json\/wp\/v2\/types\/page"}],"author":[{"embeddable":true,"href":"https:\/\/pomoc.pryzmat.com\/index.php\/wp-json\/wp\/v2\/users\/1"}],"replies":[{"embeddable":true,"href":"https:\/\/pomoc.pryzmat.com\/index.php\/wp-json\/wp\/v2\/comments?post=305"}],"version-history":[{"count":2,"href":"https:\/\/pomoc.pryzmat.com\/index.php\/wp-json\/wp\/v2\/pages\/305\/revisions"}],"predecessor-version":[{"id":307,"href":"https:\/\/pomoc.pryzmat.com\/index.php\/wp-json\/wp\/v2\/pages\/305\/revisions\/307"}],"wp:attachment":[{"href":"https:\/\/pomoc.pryzmat.com\/index.php\/wp-json\/wp\/v2\/media?parent=305"}],"curies":[{"name":"wp","href":"https:\/\/api.w.org\/{rel}","templated":true}]}}