{"id":310,"date":"2019-03-13T21:55:34","date_gmt":"2019-03-13T20:55:34","guid":{"rendered":"http:\/\/pomoc.pryzmat.com\/?page_id=310"},"modified":"2020-01-15T21:06:05","modified_gmt":"2020-01-15T20:06:05","slug":"gdzie-jest-zapisana-stopka","status":"publish","type":"page","link":"https:\/\/pomoc.pryzmat.com\/index.php\/gdzie-jest-zapisana-stopka\/","title":{"rendered":"Gdzie znajduje si\u0119 zapisana stopka"},"content":{"rendered":"\n<p>Po wygenerowaniu stopki i klikni\u0119ciu w przycisk \u201eZapisz stopk\u0119\u201d jest ona zapisywana domy\u015blnie w katalogu <strong><em>Pobrane. <\/em><\/strong>Elementy pobrane w przegl\u0105darce mo\u017cna wy\u015bwietli\u0107 wciskaj\u0105c na klawiaturze <strong>CTRL+J.<\/strong> <br>Aby skopiowa\u0107 stopk\u0119 do folderu ze stopkami klikamy na ikon\u0119 <strong>folderu<\/strong> lub <strong><em>Poka\u017c w folderze, <\/em><\/strong>wybieramy w\u0142a\u015bciw\u0105 stopk\u0119, kopiujemy j\u0105 do schowka (CTRL+C) i wklejamy (CTRL-V)  do odpowiedniego folderu na dysku (<a href=\"http:\/\/pomoc.pryzmat.com\/index.php\/jak-wlaczyc-ukryty-folder\/\">jak w\u0142\u0105czy\u0107 ukryty folder<\/a>)<\/p>\n","protected":false},"excerpt":{"rendered":"<p>Po wygenerowaniu stopki i klikni\u0119ciu w przycisk \u201eZapisz stopk\u0119\u201d jest ona zapisywana domy\u015blnie w katalogu Pobrane. Elementy pobrane w przegl\u0105darce mo\u017cna wy\u015bwietli\u0107 wciskaj\u0105c na klawiaturze CTRL+J. Aby skopiowa\u0107 stopk\u0119 do folderu ze stopkami klikamy na ikon\u0119 folderu lub Poka\u017c w folderze, wybieramy w\u0142a\u015bciw\u0105 stopk\u0119, kopiujemy j\u0105 do schowka (CTRL+C) i wklejamy (CTRL-V) do odpowiedniego folderu &hellip; <\/p>\n<p class=\"link-more\"><a href=\"https:\/\/pomoc.pryzmat.com\/index.php\/gdzie-jest-zapisana-stopka\/\" class=\"more-link\">Czytaj dalej<span class=\"screen-reader-text\"> \u201eGdzie znajduje si\u0119 zapisana stopka\u201d<\/span><\/a><\/p>\n","protected":false},"author":1,"featured_media":0,"parent":0,"menu_order":0,"comment_status":"closed","ping_status":"closed","template":"","meta":{"footnotes":""},"class_list":["post-310","page","type-page","status-publish","hentry"],"_links":{"self":[{"href":"https:\/\/pomoc.pryzmat.com\/index.php\/wp-json\/wp\/v2\/pages\/310","targetHints":{"allow":["GET"]}}],"collection":[{"href":"https:\/\/pomoc.pryzmat.com\/index.php\/wp-json\/wp\/v2\/pages"}],"about":[{"href":"https:\/\/pomoc.pryzmat.com\/index.php\/wp-json\/wp\/v2\/types\/page"}],"author":[{"embeddable":true,"href":"https:\/\/pomoc.pryzmat.com\/index.php\/wp-json\/wp\/v2\/users\/1"}],"replies":[{"embeddable":true,"href":"https:\/\/pomoc.pryzmat.com\/index.php\/wp-json\/wp\/v2\/comments?post=310"}],"version-history":[{"count":8,"href":"https:\/\/pomoc.pryzmat.com\/index.php\/wp-json\/wp\/v2\/pages\/310\/revisions"}],"predecessor-version":[{"id":343,"href":"https:\/\/pomoc.pryzmat.com\/index.php\/wp-json\/wp\/v2\/pages\/310\/revisions\/343"}],"wp:attachment":[{"href":"https:\/\/pomoc.pryzmat.com\/index.php\/wp-json\/wp\/v2\/media?parent=310"}],"curies":[{"name":"wp","href":"https:\/\/api.w.org\/{rel}","templated":true}]}}