{"id":71,"date":"2019-03-06T22:55:49","date_gmt":"2019-03-06T21:55:49","guid":{"rendered":"http:\/\/pomoc.pryzmat.com\/?page_id=71"},"modified":"2019-03-07T08:27:30","modified_gmt":"2019-03-07T07:27:30","slug":"dla-windows-live-mail","status":"publish","type":"page","link":"https:\/\/pomoc.pryzmat.com\/index.php\/dla-windows-live-mail\/","title":{"rendered":"dla Windows Live Mail"},"content":{"rendered":"\n<p style=\"font-size:23px\" class=\"has-text-color has-vivid-cyan-blue-color\">Zapisanie stopki dla programu pocztowego Windows Live Mail<\/p>\n\n\n\n<p>Wygenerowan\u0105 i zapisana stopk\u0119 (domy\u015blnie w katalogu <strong>Pobrane<\/strong>) najlepiej skopiowa\u0107 do jakiego\u015b katalogu w  <strong>Moje dokumenty<\/strong>. Sugeruj\u0119 utworzy\u0107 tam katalog <strong>Podpisy<\/strong> i do niego skopiowa\u0107 stopk\u0119.  <br><br>\u015acie\u017cka do folderu <strong>C:\\Users\\PRYZMAT\\Documents\\Podpisy\\<\/strong><br>dla przyk\u0142adowego u\u017cytkownika PRYZMAT<\/p>\n\n\n\n<figure class=\"wp-block-image\"><img loading=\"lazy\" decoding=\"async\" width=\"800\" height=\"441\" src=\"http:\/\/pomoc.pryzmat.com\/wp-content\/uploads\/2019\/03\/katalog.jpg\" alt=\"\" class=\"wp-image-177\" srcset=\"https:\/\/pomoc.pryzmat.com\/wp-content\/uploads\/2019\/03\/katalog.jpg 800w, https:\/\/pomoc.pryzmat.com\/wp-content\/uploads\/2019\/03\/katalog-300x165.jpg 300w, https:\/\/pomoc.pryzmat.com\/wp-content\/uploads\/2019\/03\/katalog-768x423.jpg 768w\" sizes=\"auto, (max-width: 706px) 89vw, (max-width: 767px) 82vw, 740px\" \/><\/figure>\n","protected":false},"excerpt":{"rendered":"<p>Zapisanie stopki dla programu pocztowego Windows Live Mail Wygenerowan\u0105 i zapisana stopk\u0119 (domy\u015blnie w katalogu Pobrane) najlepiej skopiowa\u0107 do jakiego\u015b katalogu w Moje dokumenty. Sugeruj\u0119 utworzy\u0107 tam katalog Podpisy i do niego skopiowa\u0107 stopk\u0119. \u015acie\u017cka do folderu C:\\Users\\PRYZMAT\\Documents\\Podpisy\\dla przyk\u0142adowego u\u017cytkownika PRYZMAT<\/p>\n","protected":false},"author":1,"featured_media":0,"parent":0,"menu_order":0,"comment_status":"closed","ping_status":"closed","template":"","meta":{"footnotes":""},"class_list":["post-71","page","type-page","status-publish","hentry"],"_links":{"self":[{"href":"https:\/\/pomoc.pryzmat.com\/index.php\/wp-json\/wp\/v2\/pages\/71","targetHints":{"allow":["GET"]}}],"collection":[{"href":"https:\/\/pomoc.pryzmat.com\/index.php\/wp-json\/wp\/v2\/pages"}],"about":[{"href":"https:\/\/pomoc.pryzmat.com\/index.php\/wp-json\/wp\/v2\/types\/page"}],"author":[{"embeddable":true,"href":"https:\/\/pomoc.pryzmat.com\/index.php\/wp-json\/wp\/v2\/users\/1"}],"replies":[{"embeddable":true,"href":"https:\/\/pomoc.pryzmat.com\/index.php\/wp-json\/wp\/v2\/comments?post=71"}],"version-history":[{"count":9,"href":"https:\/\/pomoc.pryzmat.com\/index.php\/wp-json\/wp\/v2\/pages\/71\/revisions"}],"predecessor-version":[{"id":245,"href":"https:\/\/pomoc.pryzmat.com\/index.php\/wp-json\/wp\/v2\/pages\/71\/revisions\/245"}],"wp:attachment":[{"href":"https:\/\/pomoc.pryzmat.com\/index.php\/wp-json\/wp\/v2\/media?parent=71"}],"curies":[{"name":"wp","href":"https:\/\/api.w.org\/{rel}","templated":true}]}}