{"id":86,"date":"2019-03-06T22:59:39","date_gmt":"2019-03-06T21:59:39","guid":{"rendered":"http:\/\/pomoc.pryzmat.com\/?page_id=86"},"modified":"2019-03-07T17:07:12","modified_gmt":"2019-03-07T16:07:12","slug":"windows-live-mail","status":"publish","type":"page","link":"https:\/\/pomoc.pryzmat.com\/index.php\/windows-live-mail\/","title":{"rendered":"Windows Live Mail"},"content":{"rendered":"\n<p style=\"font-size:23px\" class=\"has-text-color has-vivid-cyan-blue-color\">Ustawienie\nstopki w Windows Live Mail 2012<\/p>\n\n\n\n<p>Ustawianie podpisu, kt\u00f3ry wcze\u015bniej zosta\u0142 skopiowany do folderu<br> C:\\Users\\PRYZMAT\\Documents\\Podpisy   <br><br>Klikamy na: <strong><em>Plik <\/em><\/strong><em>\u2192<\/em><strong><em> Opcje <\/em><\/strong><em>\u2192<\/em><strong><em> Poczta<\/em><\/strong>,<strong> <\/strong>nast\u0119pnie wybieramy: <strong><em>Podpisy <\/em><\/strong><em>\u2192<\/em><strong><em> Nowy <\/em><\/strong><em>\u2192<\/em><strong><em> Przegl\u0105daj <\/em><\/strong><em> <\/em><br>i tutaj wa\u017cne, aby wybra\u0107 z listy rozwijanej &#8222;Plik HTML..&#8221; <br>Wybieramy w\u0142a\u015bciw\u0105 stopk\u0119 i klikamy w &#8222;<strong>Otw\u00f3rz&#8221;<\/strong><br>Wyb\u00f3r stopki potwierdzamy przyciskiem<strong> &#8222;OK&#8221;<\/strong><\/p>\n\n\n\n<p><strong>Je\u015bli w stopce nie b\u0119d\u0105 wy\u015bwietlane polskie znaki, to prosz\u0119 o kontakt ze mn\u0105. <br>B\u0119d\u0119 musia\u0142 dodatkowo zainstalowa\u0107 aktualizacj\u0119 do programu Live Mail 2012 <\/strong><\/p>\n\n\n\n<figure class=\"wp-block-image is-resized\"><img loading=\"lazy\" decoding=\"async\" src=\"http:\/\/pomoc.pryzmat.com\/wp-content\/uploads\/2019\/03\/wlm_01.jpg\" alt=\"\" class=\"wp-image-175\" width=\"1000\" height=\"563\" srcset=\"https:\/\/pomoc.pryzmat.com\/wp-content\/uploads\/2019\/03\/wlm_01.jpg 1000w, https:\/\/pomoc.pryzmat.com\/wp-content\/uploads\/2019\/03\/wlm_01-300x169.jpg 300w, https:\/\/pomoc.pryzmat.com\/wp-content\/uploads\/2019\/03\/wlm_01-768x432.jpg 768w\" sizes=\"auto, (max-width: 706px) 89vw, (max-width: 767px) 82vw, 740px\" \/><\/figure>\n\n\n\n<figure class=\"wp-block-image is-resized\"><img loading=\"lazy\" decoding=\"async\" src=\"http:\/\/pomoc.pryzmat.com\/wp-content\/uploads\/2019\/03\/wlm_02.jpg\" alt=\"\" class=\"wp-image-176\" width=\"1000\" height=\"517\" srcset=\"https:\/\/pomoc.pryzmat.com\/wp-content\/uploads\/2019\/03\/wlm_02.jpg 1000w, https:\/\/pomoc.pryzmat.com\/wp-content\/uploads\/2019\/03\/wlm_02-300x155.jpg 300w, https:\/\/pomoc.pryzmat.com\/wp-content\/uploads\/2019\/03\/wlm_02-768x397.jpg 768w\" sizes=\"auto, (max-width: 706px) 89vw, (max-width: 767px) 82vw, 740px\" \/><\/figure>\n\n\n\n<p style=\"font-size:23px\" class=\"has-text-color has-vivid-cyan-blue-color\"> W\u0142\u0105czenie pobierania (wy\u015bwietlania) obraz\u00f3w w  Live Mail <\/p>\n\n\n\n<p>Je\u015bli przy wysy\u0142aniu e-maila w pod\u0142\u0105czonej stopce nie jest widoczne logo  oraz separator, musimy w\u0142\u0105czy\u0107 pobieranie obraz\u00f3w w porogamie Live Mail:<br><strong><em>Plik <\/em><\/strong>\u2192<strong><em> Opcje <\/em><\/strong>\u2192<strong><em>  Opcje zabezpiecze\u0144 <\/em><\/strong>\u2192 <strong><em>Zabezpieczenia<\/em><\/strong><br>i tutaj odznaczamy kwadraty<em> &#8222;Pobieranie obraz\u00f3w..&#8221; <\/em>jak poni\u017cej<em>:<\/em><\/p>\n\n\n\n<figure class=\"wp-block-image is-resized\"><img loading=\"lazy\" decoding=\"async\" src=\"http:\/\/pomoc.pryzmat.com\/wp-content\/uploads\/2019\/03\/wlm_03.jpg\" alt=\"\" class=\"wp-image-300\" width=\"1000\" height=\"563\" srcset=\"https:\/\/pomoc.pryzmat.com\/wp-content\/uploads\/2019\/03\/wlm_03.jpg 1000w, https:\/\/pomoc.pryzmat.com\/wp-content\/uploads\/2019\/03\/wlm_03-300x169.jpg 300w, https:\/\/pomoc.pryzmat.com\/wp-content\/uploads\/2019\/03\/wlm_03-768x432.jpg 768w\" sizes=\"auto, (max-width: 706px) 89vw, (max-width: 767px) 82vw, 740px\" \/><\/figure>\n","protected":false},"excerpt":{"rendered":"<p>Ustawienie stopki w Windows Live Mail 2012 Ustawianie podpisu, kt\u00f3ry wcze\u015bniej zosta\u0142 skopiowany do folderu C:\\Users\\PRYZMAT\\Documents\\Podpisy Klikamy na: Plik \u2192 Opcje \u2192 Poczta, nast\u0119pnie wybieramy: Podpisy \u2192 Nowy \u2192 Przegl\u0105daj i tutaj wa\u017cne, aby wybra\u0107 z listy rozwijanej &#8222;Plik HTML..&#8221; Wybieramy w\u0142a\u015bciw\u0105 stopk\u0119 i klikamy w &#8222;Otw\u00f3rz&#8221;Wyb\u00f3r stopki potwierdzamy przyciskiem &#8222;OK&#8221; Je\u015bli w stopce nie &hellip; <\/p>\n<p class=\"link-more\"><a href=\"https:\/\/pomoc.pryzmat.com\/index.php\/windows-live-mail\/\" class=\"more-link\">Czytaj dalej<span class=\"screen-reader-text\"> \u201eWindows Live Mail\u201d<\/span><\/a><\/p>\n","protected":false},"author":1,"featured_media":0,"parent":0,"menu_order":0,"comment_status":"closed","ping_status":"closed","template":"","meta":{"footnotes":""},"class_list":["post-86","page","type-page","status-publish","hentry"],"_links":{"self":[{"href":"https:\/\/pomoc.pryzmat.com\/index.php\/wp-json\/wp\/v2\/pages\/86","targetHints":{"allow":["GET"]}}],"collection":[{"href":"https:\/\/pomoc.pryzmat.com\/index.php\/wp-json\/wp\/v2\/pages"}],"about":[{"href":"https:\/\/pomoc.pryzmat.com\/index.php\/wp-json\/wp\/v2\/types\/page"}],"author":[{"embeddable":true,"href":"https:\/\/pomoc.pryzmat.com\/index.php\/wp-json\/wp\/v2\/users\/1"}],"replies":[{"embeddable":true,"href":"https:\/\/pomoc.pryzmat.com\/index.php\/wp-json\/wp\/v2\/comments?post=86"}],"version-history":[{"count":13,"href":"https:\/\/pomoc.pryzmat.com\/index.php\/wp-json\/wp\/v2\/pages\/86\/revisions"}],"predecessor-version":[{"id":304,"href":"https:\/\/pomoc.pryzmat.com\/index.php\/wp-json\/wp\/v2\/pages\/86\/revisions\/304"}],"wp:attachment":[{"href":"https:\/\/pomoc.pryzmat.com\/index.php\/wp-json\/wp\/v2\/media?parent=86"}],"curies":[{"name":"wp","href":"https:\/\/api.w.org\/{rel}","templated":true}]}}