{"id":90,"date":"2019-03-06T22:59:39","date_gmt":"2019-03-06T21:59:39","guid":{"rendered":"http:\/\/pomoc.pryzmat.com\/?page_id=90"},"modified":"2019-03-07T09:09:43","modified_gmt":"2019-03-07T08:09:43","slug":"panelu-pocztowym-home-pl","status":"publish","type":"page","link":"https:\/\/pomoc.pryzmat.com\/index.php\/panelu-pocztowym-home-pl\/","title":{"rendered":"Panelu pocztowym Home.pl"},"content":{"rendered":"\n<p style=\"font-size:23px\" class=\"has-text-color has-vivid-cyan-blue-color\">Ustawienie stopki w panelu pocztowym Home.pl<\/p>\n\n\n\n<p>Po wygenerowaniu i skopiowaniu stopki przyciskiem \u201e<strong>Kopiuj kod<\/strong>\u201d<br>logujemy si\u0119 do konta pocztowego w panelu Home.pl<br><br>Tutaj klikamy na: <em><strong>Ustawienia <\/strong><\/em>\u2192<em><strong> Poczta <\/strong><\/em>\u2192<em><strong> Podpisy <\/strong><\/em>\u2192<em><strong>Dodaj nowy podpis<\/strong><\/em><br>Wpisujemy <em>Nazw\u0119 podpisu<\/em>, a nast\u0119pnie klikamy w ikon\u0119 <strong>\u201eKod \u017ar\u00f3d\u0142owy\u201d<\/strong><br>Kasujemy istniej\u0105cy tam wpis  i wklejamy w to miejsce<br>skopiowany wcze\u015bniej kod ze strony z generatorem stopek.<br><br>P\u00f3\u017aniej ju\u017c tylko zatwierdzamy przyciskami \u201eOK i \u201eZapisz&#8221;<\/p>\n\n\n\n<figure class=\"wp-block-image is-resized\"><img loading=\"lazy\" decoding=\"async\" src=\"http:\/\/pomoc.pryzmat.com\/wp-content\/uploads\/2019\/03\/Home_01-1024x472.jpg\" alt=\"\" class=\"wp-image-158\" width=\"1024\" height=\"472\" srcset=\"https:\/\/pomoc.pryzmat.com\/wp-content\/uploads\/2019\/03\/Home_01-1024x472.jpg 1024w, https:\/\/pomoc.pryzmat.com\/wp-content\/uploads\/2019\/03\/Home_01-300x138.jpg 300w, https:\/\/pomoc.pryzmat.com\/wp-content\/uploads\/2019\/03\/Home_01-768x354.jpg 768w, https:\/\/pomoc.pryzmat.com\/wp-content\/uploads\/2019\/03\/Home_01.jpg 1598w\" sizes=\"auto, (max-width: 706px) 89vw, (max-width: 767px) 82vw, 740px\" \/><\/figure>\n\n\n\n<figure class=\"wp-block-image is-resized\"><img loading=\"lazy\" decoding=\"async\" src=\"http:\/\/pomoc.pryzmat.com\/wp-content\/uploads\/2019\/03\/Home_02-1024x482.jpg\" alt=\"\" class=\"wp-image-159\" width=\"1024\" height=\"482\" srcset=\"https:\/\/pomoc.pryzmat.com\/wp-content\/uploads\/2019\/03\/Home_02-1024x482.jpg 1024w, https:\/\/pomoc.pryzmat.com\/wp-content\/uploads\/2019\/03\/Home_02-300x141.jpg 300w, https:\/\/pomoc.pryzmat.com\/wp-content\/uploads\/2019\/03\/Home_02-768x361.jpg 768w, https:\/\/pomoc.pryzmat.com\/wp-content\/uploads\/2019\/03\/Home_02.jpg 1599w\" sizes=\"auto, (max-width: 706px) 89vw, (max-width: 767px) 82vw, 740px\" \/><\/figure>\n\n\n\n<figure class=\"wp-block-image is-resized\"><img loading=\"lazy\" decoding=\"async\" src=\"http:\/\/pomoc.pryzmat.com\/wp-content\/uploads\/2019\/03\/Home_03-1024x489.jpg\" alt=\"\" class=\"wp-image-160\" width=\"1024\" height=\"489\" srcset=\"https:\/\/pomoc.pryzmat.com\/wp-content\/uploads\/2019\/03\/Home_03-1024x489.jpg 1024w, https:\/\/pomoc.pryzmat.com\/wp-content\/uploads\/2019\/03\/Home_03-300x143.jpg 300w, https:\/\/pomoc.pryzmat.com\/wp-content\/uploads\/2019\/03\/Home_03-768x367.jpg 768w, https:\/\/pomoc.pryzmat.com\/wp-content\/uploads\/2019\/03\/Home_03.jpg 1599w\" sizes=\"auto, (max-width: 706px) 89vw, (max-width: 767px) 82vw, 740px\" \/><\/figure>\n\n\n\n<figure class=\"wp-block-image is-resized\"><img loading=\"lazy\" decoding=\"async\" src=\"http:\/\/pomoc.pryzmat.com\/wp-content\/uploads\/2019\/03\/Home_04.jpg\" alt=\"\" class=\"wp-image-262\" width=\"1000\" height=\"457\" srcset=\"https:\/\/pomoc.pryzmat.com\/wp-content\/uploads\/2019\/03\/Home_04.jpg 1000w, https:\/\/pomoc.pryzmat.com\/wp-content\/uploads\/2019\/03\/Home_04-300x137.jpg 300w, https:\/\/pomoc.pryzmat.com\/wp-content\/uploads\/2019\/03\/Home_04-768x351.jpg 768w\" sizes=\"auto, (max-width: 706px) 89vw, (max-width: 767px) 82vw, 740px\" \/><\/figure>\n","protected":false},"excerpt":{"rendered":"<p>Ustawienie stopki w panelu pocztowym Home.pl Po wygenerowaniu i skopiowaniu stopki przyciskiem \u201eKopiuj kod\u201dlogujemy si\u0119 do konta pocztowego w panelu Home.pl Tutaj klikamy na: Ustawienia \u2192 Poczta \u2192 Podpisy \u2192Dodaj nowy podpisWpisujemy Nazw\u0119 podpisu, a nast\u0119pnie klikamy w ikon\u0119 \u201eKod \u017ar\u00f3d\u0142owy\u201dKasujemy istniej\u0105cy tam wpis i wklejamy w to miejsceskopiowany wcze\u015bniej kod ze strony z generatorem &hellip; <\/p>\n<p class=\"link-more\"><a href=\"https:\/\/pomoc.pryzmat.com\/index.php\/panelu-pocztowym-home-pl\/\" class=\"more-link\">Czytaj dalej<span class=\"screen-reader-text\"> \u201ePanelu pocztowym Home.pl\u201d<\/span><\/a><\/p>\n","protected":false},"author":1,"featured_media":0,"parent":0,"menu_order":0,"comment_status":"closed","ping_status":"closed","template":"","meta":{"footnotes":""},"class_list":["post-90","page","type-page","status-publish","hentry"],"_links":{"self":[{"href":"https:\/\/pomoc.pryzmat.com\/index.php\/wp-json\/wp\/v2\/pages\/90","targetHints":{"allow":["GET"]}}],"collection":[{"href":"https:\/\/pomoc.pryzmat.com\/index.php\/wp-json\/wp\/v2\/pages"}],"about":[{"href":"https:\/\/pomoc.pryzmat.com\/index.php\/wp-json\/wp\/v2\/types\/page"}],"author":[{"embeddable":true,"href":"https:\/\/pomoc.pryzmat.com\/index.php\/wp-json\/wp\/v2\/users\/1"}],"replies":[{"embeddable":true,"href":"https:\/\/pomoc.pryzmat.com\/index.php\/wp-json\/wp\/v2\/comments?post=90"}],"version-history":[{"count":8,"href":"https:\/\/pomoc.pryzmat.com\/index.php\/wp-json\/wp\/v2\/pages\/90\/revisions"}],"predecessor-version":[{"id":261,"href":"https:\/\/pomoc.pryzmat.com\/index.php\/wp-json\/wp\/v2\/pages\/90\/revisions\/261"}],"wp:attachment":[{"href":"https:\/\/pomoc.pryzmat.com\/index.php\/wp-json\/wp\/v2\/media?parent=90"}],"curies":[{"name":"wp","href":"https:\/\/api.w.org\/{rel}","templated":true}]}}